{"id":94,"date":"2012-04-30T11:04:38","date_gmt":"2012-04-30T11:04:38","guid":{"rendered":"http:\/\/geroldsteiner.at\/?page_id=94"},"modified":"2023-05-12T09:00:53","modified_gmt":"2023-05-12T09:00:53","slug":"leistungen-visualisierung","status":"publish","type":"page","link":"https:\/\/geroldsteiner.at\/?page_id=94","title":{"rendered":"visualisierung"},"content":{"rendered":"<p>Detailliertere Darstellung der mit dem Vorentwurf bzw. Entwurf entwickelten Ergebnisse in Form von perspektivischen Schaubildern. Die M\u00f6glichkeit der Erstellung von durch den Benutzer r\u00e4umlich steuerbaren Animationen und Laufbildrenderings erg\u00e4nzt das Visualisierungsangebot.<\/p>\n<p><a href=\"http:\/\/geroldsteiner.at\/wp-content\/uploads\/2012\/04\/visualisierung.jpg\" target=\"_blank\" rel=\"noopener\"><img decoding=\"async\" loading=\"lazy\" class=\"alignnone size-full wp-image-184\" title=\"Visualisierung\" src=\"http:\/\/geroldsteiner.at\/wp-content\/uploads\/2012\/04\/visualisierung.jpg\" alt=\"\" width=\"300\" height=\"189\"><\/a><\/p>\n<p>&nbsp;<\/p>\n<p>&nbsp;<\/p>\n<p>&nbsp;<\/p>\n<p>&nbsp;<\/p>\n","protected":false},"excerpt":{"rendered":"<p>Detailliertere Darstellung der mit dem Vorentwurf bzw. Entwurf entwickelten Ergebnisse in Form von perspektivischen Schaubildern. Die M\u00f6glichkeit der Erstellung von durch den Benutzer r\u00e4umlich steuerbaren Animationen und Laufbildrenderings erg\u00e4nzt das Visualisierungsangebot. &nbsp; &nbsp; &nbsp; &nbsp;<\/p>\n","protected":false},"author":1,"featured_media":0,"parent":0,"menu_order":0,"comment_status":"closed","ping_status":"closed","template":"","meta":{"_et_pb_use_builder":"","_et_pb_old_content":"","_et_gb_content_width":"2880"},"_links":{"self":[{"href":"https:\/\/geroldsteiner.at\/index.php?rest_route=\/wp\/v2\/pages\/94"}],"collection":[{"href":"https:\/\/geroldsteiner.at\/index.php?rest_route=\/wp\/v2\/pages"}],"about":[{"href":"https:\/\/geroldsteiner.at\/index.php?rest_route=\/wp\/v2\/types\/page"}],"author":[{"embeddable":true,"href":"https:\/\/geroldsteiner.at\/index.php?rest_route=\/wp\/v2\/users\/1"}],"replies":[{"embeddable":true,"href":"https:\/\/geroldsteiner.at\/index.php?rest_route=%2Fwp%2Fv2%2Fcomments&post=94"}],"version-history":[{"count":7,"href":"https:\/\/geroldsteiner.at\/index.php?rest_route=\/wp\/v2\/pages\/94\/revisions"}],"predecessor-version":[{"id":1136,"href":"https:\/\/geroldsteiner.at\/index.php?rest_route=\/wp\/v2\/pages\/94\/revisions\/1136"}],"wp:attachment":[{"href":"https:\/\/geroldsteiner.at\/index.php?rest_route=%2Fwp%2Fv2%2Fmedia&parent=94"}],"curies":[{"name":"wp","href":"https:\/\/api.w.org\/{rel}","templated":true}]}}