{"id":92,"date":"2012-04-30T11:04:15","date_gmt":"2012-04-30T11:04:15","guid":{"rendered":"http:\/\/geroldsteiner.at\/?page_id=92"},"modified":"2023-05-12T08:59:23","modified_gmt":"2023-05-12T08:59:23","slug":"leistungen-planung","status":"publish","type":"page","link":"https:\/\/geroldsteiner.at\/?page_id=92","title":{"rendered":"planung"},"content":{"rendered":"<p>Die Gesamtleistung umfasst die Planungsbereiche:<\/p>\n<p>Vorentwurf, das ist das Entwickeln eines grunds\u00e4tzlichen L\u00f6sungsvorschlages auf Basis der vom Bauherrn gew\u00fcnschten Konzeptrichtung. Eine generelle Vorabstimmung mit den Beh\u00f6rden wird vorgenommen. Die Darstellung der L\u00f6sung erfolgt in Form von Skizzen sowie einem Erl\u00e4uterungsbericht. Grobkostensch\u00e4tzung mit der f\u00fcr diese Entwurfsstufe vorgesehenen Schwankungsbreite.<\/p>\n<p>Entwurf&nbsp;bedeutet das Durcharbeiten des Vorentwurfs in zeichnerischer Darstellung. In der Regel werden Grundrisse, Ansichten und Schnitte erarbeitet. Objektbeschreibung mit Erl\u00e4uterungen und Materialkonzept. Kostenberechnung<\/p>\n<p>Einreichung&nbsp;mit Durchf\u00fchrung der f\u00fcr die baubeh\u00f6rdliche Bewilligung erforderlichen Erhebungen und Abkl\u00e4rungen. Zeichnungen und Schriftst\u00fccke auf Grundlage des Entwurfs. Unterst\u00fctzung des Bauherrn bei der Bauverhandlung.<\/p>\n<p>Ausf\u00fchrungsplanung zur bautechnischen Umsetzung der Beh\u00f6rdlich genehmigten Einreichplanung. Einarbeiten technischer Informationen von Sonderfachleuten. Zeichnerische Darstellung des Objekts als Ausf\u00fchrungs- und Detailzeichnungen in den jeweils erforderlichen Massst\u00e4ben.<\/p>\n<p>Kostenermittlungsgrundlage:&nbsp;Erstellen der Leistungsverzeichnisse und Ermittlung der Herstellungskosten im Rahmen eines Kostenanschlages.<\/p>\n<p>K\u00fcnstlerische Oberleitung:&nbsp;\u00dcberwachung der Herstellung in gestalterischer und k\u00fcnstlerischer Hinsicht, Mitwirkung an der Schlussabnahme des Bauwerks im Einvernehmen mit der \u00f6rtlichen Bauaufsicht.<\/p>\n<p>Technische Oberleitung<\/p>\n","protected":false},"excerpt":{"rendered":"<p>Die Gesamtleistung umfasst die Planungsbereiche: Vorentwurf, das ist das Entwickeln eines grunds\u00e4tzlichen L\u00f6sungsvorschlages auf Basis der vom Bauherrn gew\u00fcnschten Konzeptrichtung. Eine generelle Vorabstimmung mit den Beh\u00f6rden wird vorgenommen. Die Darstellung der L\u00f6sung erfolgt in Form von Skizzen sowie einem Erl\u00e4uterungsbericht. Grobkostensch\u00e4tzung mit der f\u00fcr diese Entwurfsstufe vorgesehenen Schwankungsbreite. Entwurf&nbsp;bedeutet das Durcharbeiten des Vorentwurfs in zeichnerischer [&hellip;]<\/p>\n","protected":false},"author":1,"featured_media":0,"parent":0,"menu_order":0,"comment_status":"closed","ping_status":"closed","template":"","meta":{"_et_pb_use_builder":"","_et_pb_old_content":"","_et_gb_content_width":"2880"},"_links":{"self":[{"href":"https:\/\/geroldsteiner.at\/index.php?rest_route=\/wp\/v2\/pages\/92"}],"collection":[{"href":"https:\/\/geroldsteiner.at\/index.php?rest_route=\/wp\/v2\/pages"}],"about":[{"href":"https:\/\/geroldsteiner.at\/index.php?rest_route=\/wp\/v2\/types\/page"}],"author":[{"embeddable":true,"href":"https:\/\/geroldsteiner.at\/index.php?rest_route=\/wp\/v2\/users\/1"}],"replies":[{"embeddable":true,"href":"https:\/\/geroldsteiner.at\/index.php?rest_route=%2Fwp%2Fv2%2Fcomments&post=92"}],"version-history":[{"count":4,"href":"https:\/\/geroldsteiner.at\/index.php?rest_route=\/wp\/v2\/pages\/92\/revisions"}],"predecessor-version":[{"id":1134,"href":"https:\/\/geroldsteiner.at\/index.php?rest_route=\/wp\/v2\/pages\/92\/revisions\/1134"}],"wp:attachment":[{"href":"https:\/\/geroldsteiner.at\/index.php?rest_route=%2Fwp%2Fv2%2Fmedia&parent=92"}],"curies":[{"name":"wp","href":"https:\/\/api.w.org\/{rel}","templated":true}]}}