{"id":268,"date":"2012-05-06T14:09:08","date_gmt":"2012-05-06T14:09:08","guid":{"rendered":"http:\/\/geroldsteiner.at\/?page_id=268"},"modified":"2023-05-12T08:56:49","modified_gmt":"2023-05-12T08:56:49","slug":"architektur","status":"publish","type":"page","link":"https:\/\/geroldsteiner.at\/?page_id=268","title":{"rendered":"architektur"},"content":{"rendered":"<p>Besch\u00e4ftigung mit Grundsatzfragen der Gestaltung von st\u00e4dtebaulichen L\u00f6sungen bishin zur Objektbehandlung. Des Weiteren Entwicklung von Au\u00dfenanlagen, Licht- und Beleuchtungskonzepten sowie M\u00f6blierung.<\/p>\n<p>&nbsp;<\/p>\n<p>&nbsp;<\/p>\n<p>&nbsp;<\/p>\n<p>&nbsp;<\/p>\n<p>&nbsp;<\/p>\n<p>&nbsp;<\/p>\n<p>&nbsp;<\/p>\n","protected":false},"excerpt":{"rendered":"<p>Besch\u00e4ftigung mit Grundsatzfragen der Gestaltung von st\u00e4dtebaulichen L\u00f6sungen bishin zur Objektbehandlung. Des Weiteren Entwicklung von Au\u00dfenanlagen, Licht- und Beleuchtungskonzepten sowie M\u00f6blierung. &nbsp; &nbsp; &nbsp; &nbsp; &nbsp; &nbsp; &nbsp;<\/p>\n","protected":false},"author":1,"featured_media":0,"parent":0,"menu_order":0,"comment_status":"closed","ping_status":"closed","template":"","meta":{"_et_pb_use_builder":"","_et_pb_old_content":"","_et_gb_content_width":"2880"},"_links":{"self":[{"href":"https:\/\/geroldsteiner.at\/index.php?rest_route=\/wp\/v2\/pages\/268"}],"collection":[{"href":"https:\/\/geroldsteiner.at\/index.php?rest_route=\/wp\/v2\/pages"}],"about":[{"href":"https:\/\/geroldsteiner.at\/index.php?rest_route=\/wp\/v2\/types\/page"}],"author":[{"embeddable":true,"href":"https:\/\/geroldsteiner.at\/index.php?rest_route=\/wp\/v2\/users\/1"}],"replies":[{"embeddable":true,"href":"https:\/\/geroldsteiner.at\/index.php?rest_route=%2Fwp%2Fv2%2Fcomments&post=268"}],"version-history":[{"count":3,"href":"https:\/\/geroldsteiner.at\/index.php?rest_route=\/wp\/v2\/pages\/268\/revisions"}],"predecessor-version":[{"id":1130,"href":"https:\/\/geroldsteiner.at\/index.php?rest_route=\/wp\/v2\/pages\/268\/revisions\/1130"}],"wp:attachment":[{"href":"https:\/\/geroldsteiner.at\/index.php?rest_route=%2Fwp%2Fv2%2Fmedia&parent=268"}],"curies":[{"name":"wp","href":"https:\/\/api.w.org\/{rel}","templated":true}]}}